{"id":8,"date":"2025-06-10T13:47:30","date_gmt":"2025-06-10T12:47:30","guid":{"rendered":"https:\/\/sfreight.webgiantdemo.se\/?page_id=8"},"modified":"2025-11-10T13:44:06","modified_gmt":"2025-11-10T12:44:06","slug":"services","status":"publish","type":"page","link":"https:\/\/stenbock.webgiantdemo.se\/index.php\/services\/","title":{"rendered":"Services"},"content":{"rendered":"<h5>Tj\u00e4nster<\/h5>\n<h2>\n<p>Produkter &amp;<br \/>tj\u00e4nster<\/p>\n<\/h2>\n<p><img decoding=\"async\" src=\"\/wp-content\/uploads\/2025\/06\/vehicle.svg\" alt=\"\"><\/p>\n<div>\n<p>F\u00f6retaget erbjuder transporter och distributionstj\u00e4nster som str\u00e4cker sig fr\u00e5n sm\u00e5 paket till tunga pallar.\u00a0<\/p>\n<\/div>\n<div>\n<p>        <img decoding=\"async\" src=\"\/wp-content\/uploads\/2025\/06\/Home-1-Interactive-Hd-Img-1.png\" alt=\"\"><\/p>\n<h3>Bud &#038; express<\/h3>\n<div>\n<p>N\u00e4r tiden \u00e4r kritisk k\u00f6r vi direkt fr\u00e5n A till B utan omlastning. Spontana k\u00f6rningar, akuta utskick och tidskritiska leveranser.<\/p>\n<\/div>\n<\/div>\n<div>\n<p>        <img decoding=\"async\" src=\"\/wp-content\/uploads\/2025\/06\/Home-1-Interactive-Hd-Img-2.png\" alt=\"\"><\/p>\n<h3>Distribution av styckegods<\/h3>\n<div>\n<p data-start=\"1773\" data-end=\"1934\">Daglig insamling och utk\u00f6rning av kollin och pallar. Optimerade rutter, h\u00f6g leveransprecision och m\u00f6jlighet till samlastning f\u00f6r l\u00e4gre kostnad och klimatavtryck.<\/p>\n<h2 data-start=\"1936\" data-end=\"1956\"><\/h2>\n<\/div>\n<\/div>\n<div>\n<p>        <img decoding=\"async\" src=\"\/wp-content\/uploads\/2025\/06\/Home-1-Interactive-Hd-Img-3.png\" alt=\"\"><\/p>\n<h3>Pall- &#038; partigods<\/h3>\n<div>\n<p>Kostnadseffektiva transporter av st\u00f6rre volymer. L\u00e4tta och tunga lastbilar efter behov, inklusive lastbil med bakgavellift f\u00f6r smidig lastning\/lossning.<\/p>\n<\/div>\n<\/div>\n<div>\n<p>        <img decoding=\"async\" src=\"\/wp-content\/uploads\/2025\/06\/Home-1-Interactive-Hd-Img-2.png\" alt=\"\"><\/p>\n<h3>E-handel &#038; B2C<\/h3>\n<div>\n<p data-start=\"2129\" data-end=\"2246\">Hemleveranser, utl\u00e4mningsst\u00e4llen och enklare inb\u00e4rning vid behov. Tydlig avisering, sp\u00e5rning och smidiga returfl\u00f6den.<\/p>\n<h2 data-start=\"2248\" data-end=\"2277\"><\/h2>\n<\/div>\n<\/div>\n<div>\n<p>        <img decoding=\"async\" src=\"\/wp-content\/uploads\/2025\/06\/Home-1-Interactive-Hd-Img-5.png\" alt=\"\"><\/p>\n<h3>Fasta rutter &#038; linjetrafik<\/h3>\n<div>\n<p data-start=\"2278\" data-end=\"2386\">\u00c5terkommande k\u00f6rningar med fasta tidf\u00f6nster, t.ex. leveranser mellan lager, butiker eller byggarbetsplatser.<\/p>\n<h2 data-start=\"2388\" data-end=\"2428\"><\/h2>\n<\/div>\n<\/div>\n<ul>\n<li>\n<p>        <img decoding=\"async\" src=\"\/wp-content\/uploads\/2025\/06\/Interactive-Slider-4.jpg\" alt=\"\"><\/p>\n<\/li>\n<li>\n<p>        <img decoding=\"async\" src=\"\/wp-content\/uploads\/2025\/06\/Interactive_5.jpg\" alt=\"\"><\/p>\n<h3>Interactive_5<\/h3>\n<\/li>\n<li>\n<p>        <img decoding=\"async\" src=\"\/wp-content\/uploads\/2025\/06\/Interactive_4.jpg\" alt=\"\"><\/p>\n<h3>Interactive_4<\/h3>\n<\/li>\n<li>\n<p>        <img decoding=\"async\" src=\"\/wp-content\/uploads\/2025\/06\/Interactive-Slider-2.jpg\" alt=\"\"><\/p>\n<h3>Interactive-Slider-2<\/h3>\n<\/li>\n<li>\n<p>        <img decoding=\"async\" src=\"\/wp-content\/uploads\/2025\/06\/Interactive-Slider-3.jpg\" alt=\"\"><\/p>\n<h3>Interactive-Slider-3<\/h3>\n<\/li>\n<\/ul>\n<p><!--more--><br \/>\n<!-- {\"type\":\"layout\",\"children\":[{\"type\":\"section\",\"props\":{\"height_viewport\":90,\"image_position\":\"center-center\",\"padding_remove_horizontal\":true,\"style\":\"muted\",\"title_breakpoint\":\"xl\",\"title_position\":\"top-left\",\"title_rotation\":\"left\",\"vertical_align\":\"middle\",\"width\":\"large\",\"width_expand\":\"right\"},\"children\":[{\"type\":\"row\",\"props\":{\"column_gap\":\"large\",\"css\":\"@media screen and (min-width: 980px){\\n    .el-row .wg-acc__panel{\\n        margin-right: -70px;\\n    }\\n}\",\"height\":\"viewport\",\"height_offset_top\":true,\"height_viewport\":100,\"layout\":\"1-4,1-4,1-2|1-2,1-2,1-1\",\"row_gap\":\"collapse\",\"width_expand\":\"right\"},\"children\":[{\"type\":\"column\",\"props\":{\"css\":\"@media screen and (max-width: 767px){\\n    .el-column{\\n        padding: 40px 20px 40px 60px;\\n    }\\n    .el-column > div{\\n\\t\\tmin-height: auto !important ;\\n    }\\n}\",\"image_position\":\"center-center\",\"position_sticky_breakpoint\":\"m\",\"vertical_align\":\"middle\",\"width_medium\":\"1-5\"},\"children\":[{\"type\":\"headline\",\"props\":{\"content\":\"Tj\\u00e4nster\",\"text_align\":\"left\",\"title_element\":\"h5\"}},{\"type\":\"headline\",\"props\":{\"content\":\"\n\n<p>Produkter &amp;<br \\\/>tj\\u00e4nster<\\\/p>\",\"margin_remove_top\":true,\"title_element\":\"h2\"}},{\"type\":\"image\",\"props\":{\"image\":\"wp-content\\\/uploads\\\/2025\\\/06\\\/vehicle.svg\",\"image_svg_color\":\"primary\",\"image_svg_inline\":true,\"margin\":\"default\",\"margin_remove_top\":false}},{\"type\":\"text\",\"props\":{\"column_breakpoint\":\"m\",\"content\":\"\n\n<p>F\\u00f6retaget erbjuder transporter och distributionstj\\u00e4nster som str\\u00e4cker sig fr\\u00e5n sm\\u00e5 paket till tunga pallar.\\u00a0<\\\/p>\",\"margin\":\"default\"}}]},{\"type\":\"column\",\"props\":{\"image_position\":\"center-center\",\"position_sticky_breakpoint\":\"m\",\"vertical_align\":\"middle\",\"width_medium\":\"1-3\"},\"children\":[{\"type\":\"panel\",\"props\":{\"attributes\":\"data-slide-idx=0\\ndata-slide-target=wg_slide_1\",\"class\":\"wg-acc__panel\",\"content\":\"\n\n<p>N\\u00e4r tiden \\u00e4r kritisk k\\u00f6r vi direkt fr\\u00e5n A till B utan omlastning. Spontana k\\u00f6rningar, akuta utskick och tidskritiska leveranser.<\\\/p>\",\"content_column_breakpoint\":\"m\",\"content_margin\":\"small\",\"icon_width\":80,\"image\":\"wp-content\\\/uploads\\\/2025\\\/06\\\/Home-1-Interactive-Hd-Img-1.png\",\"image_align\":\"left\",\"image_grid_breakpoint\":\"m\",\"image_grid_column_gap\":\"medium\",\"image_grid_width\":\"auto\",\"image_height\":40,\"image_svg_color\":\"emphasis\",\"image_width\":40,\"link_margin\":\"small\",\"link_style\":\"link-text\",\"link_text\":\"Learn More\",\"margin\":\"default\",\"meta\":\"\",\"meta_align\":\"below-title\",\"meta_element\":\"div\",\"meta_style\":\"text-meta\",\"panel_padding\":\"small\",\"panel_style\":\"tile-muted\",\"title\":\"Bud & express\",\"title_align\":\"top\",\"title_element\":\"h3\",\"title_grid_breakpoint\":\"m\",\"title_grid_width\":\"1-2\",\"title_hover_style\":\"reset\"}},{\"type\":\"panel\",\"props\":{\"attributes\":\"data-slide-idx=1\\ndata-slide-target=wg_slide_1\",\"class\":\"wg-acc__panel\",\"content\":\"\n\n<p data-start=\\\"1773\\\" data-end=\\\"1934\\\">Daglig insamling och utk\\u00f6rning av kollin och pallar. Optimerade rutter, h\\u00f6g leveransprecision och m\\u00f6jlighet till samlastning f\\u00f6r l\\u00e4gre kostnad och klimatavtryck.<\\\/p>\\n\n\n<h2 data-start=\\\"1936\\\" data-end=\\\"1956\\\"><\\\/h2>\",\"content_column_breakpoint\":\"m\",\"content_margin\":\"small\",\"icon_width\":80,\"image\":\"wp-content\\\/uploads\\\/2025\\\/06\\\/Home-1-Interactive-Hd-Img-2.png\",\"image_align\":\"left\",\"image_grid_breakpoint\":\"m\",\"image_grid_column_gap\":\"medium\",\"image_grid_width\":\"auto\",\"image_height\":40,\"image_svg_color\":\"emphasis\",\"image_width\":40,\"link_margin\":\"small\",\"link_style\":\"link-text\",\"link_text\":\"Learn More\",\"margin\":\"default\",\"meta\":\"\",\"meta_align\":\"below-title\",\"meta_element\":\"div\",\"meta_style\":\"text-meta\",\"panel_padding\":\"small\",\"panel_style\":\"tile-muted\",\"title\":\"Distribution av styckegods\",\"title_align\":\"top\",\"title_element\":\"h3\",\"title_grid_breakpoint\":\"m\",\"title_grid_width\":\"1-2\",\"title_hover_style\":\"reset\"}},{\"type\":\"panel\",\"props\":{\"attributes\":\"data-slide-idx=2\\ndata-slide-target=wg_slide_1\",\"class\":\"wg-acc__panel\",\"content\":\"\n\n<p>Kostnadseffektiva transporter av st\\u00f6rre volymer. L\\u00e4tta och tunga lastbilar efter behov, inklusive lastbil med bakgavellift f\\u00f6r smidig lastning\\\/lossning.<\\\/p>\",\"content_column_breakpoint\":\"m\",\"content_margin\":\"small\",\"icon_width\":80,\"image\":\"wp-content\\\/uploads\\\/2025\\\/06\\\/Home-1-Interactive-Hd-Img-3.png\",\"image_align\":\"left\",\"image_grid_breakpoint\":\"m\",\"image_grid_column_gap\":\"medium\",\"image_grid_width\":\"auto\",\"image_height\":40,\"image_svg_color\":\"emphasis\",\"image_width\":40,\"link_margin\":\"small\",\"link_style\":\"link-text\",\"link_text\":\"Learn More\",\"margin\":\"default\",\"meta\":\"\",\"meta_align\":\"below-title\",\"meta_element\":\"div\",\"meta_style\":\"text-meta\",\"panel_padding\":\"small\",\"panel_style\":\"tile-muted\",\"title\":\"Pall- & partigods\",\"title_align\":\"top\",\"title_element\":\"h3\",\"title_grid_breakpoint\":\"m\",\"title_grid_width\":\"1-2\",\"title_hover_style\":\"reset\"}},{\"type\":\"panel\",\"props\":{\"attributes\":\"data-slide-idx=3\\ndata-slide-target=wg_slide_1\",\"class\":\"wg-acc__panel\",\"content\":\"\n\n<p data-start=\\\"2129\\\" data-end=\\\"2246\\\">Hemleveranser, utl\\u00e4mningsst\\u00e4llen och enklare inb\\u00e4rning vid behov. Tydlig avisering, sp\\u00e5rning och smidiga returfl\\u00f6den.<\\\/p>\\n\n\n<h2 data-start=\\\"2248\\\" data-end=\\\"2277\\\"><\\\/h2>\",\"content_column_breakpoint\":\"m\",\"content_margin\":\"small\",\"icon_width\":80,\"image\":\"wp-content\\\/uploads\\\/2025\\\/06\\\/Home-1-Interactive-Hd-Img-2.png\",\"image_align\":\"left\",\"image_grid_breakpoint\":\"m\",\"image_grid_column_gap\":\"medium\",\"image_grid_width\":\"auto\",\"image_height\":40,\"image_svg_color\":\"emphasis\",\"image_width\":40,\"link_margin\":\"small\",\"link_style\":\"link-text\",\"link_text\":\"Learn More\",\"margin\":\"default\",\"meta\":\"\",\"meta_align\":\"below-title\",\"meta_element\":\"div\",\"meta_style\":\"text-meta\",\"panel_padding\":\"small\",\"panel_style\":\"tile-muted\",\"title\":\"E-handel & B2C\",\"title_align\":\"top\",\"title_element\":\"h3\",\"title_grid_breakpoint\":\"m\",\"title_grid_width\":\"1-2\",\"title_hover_style\":\"reset\"}},{\"type\":\"panel\",\"props\":{\"attributes\":\"data-slide-idx=4\\ndata-slide-target=wg_slide_1\",\"class\":\"wg-acc__panel\",\"content\":\"\n\n<p data-start=\\\"2278\\\" data-end=\\\"2386\\\">\\u00c5terkommande k\\u00f6rningar med fasta tidf\\u00f6nster, t.ex. leveranser mellan lager, butiker eller byggarbetsplatser.<\\\/p>\\n\n\n<h2 data-start=\\\"2388\\\" data-end=\\\"2428\\\"><\\\/h2>\",\"content_column_breakpoint\":\"m\",\"content_margin\":\"small\",\"icon_width\":80,\"image\":\"wp-content\\\/uploads\\\/2025\\\/06\\\/Home-1-Interactive-Hd-Img-5.png\",\"image_align\":\"left\",\"image_grid_breakpoint\":\"m\",\"image_grid_column_gap\":\"medium\",\"image_grid_width\":\"auto\",\"image_height\":40,\"image_svg_color\":\"emphasis\",\"image_width\":40,\"link_margin\":\"small\",\"link_style\":\"link-text\",\"link_text\":\"Learn More\",\"margin\":\"default\",\"meta\":\"\",\"meta_align\":\"below-title\",\"meta_element\":\"div\",\"meta_style\":\"text-meta\",\"panel_padding\":\"small\",\"panel_style\":\"tile-muted\",\"title\":\"Fasta rutter & linjetrafik\",\"title_align\":\"top\",\"title_element\":\"h3\",\"title_grid_breakpoint\":\"m\",\"title_grid_width\":\"1-2\",\"title_hover_style\":\"reset\"}}]},{\"type\":\"column\",\"props\":{\"css\":\"@media screen and (max-width: 767px){\\n    .el-column{\\n    \\tmin-height: 70vh;\\n    }\\n}\",\"image_position\":\"center-center\",\"image_size\":\"cover\",\"position_sticky_breakpoint\":\"m\",\"width_medium\":\"expand\"},\"children\":[{\"type\":\"slideshow\",\"props\":{\"height_expand\":true,\"id\":\"wg_slide_1\",\"link_style\":\"default\",\"link_text\":\"Read more\",\"margin\":\"default\",\"meta_align\":\"below-title\",\"meta_element\":\"div\",\"meta_style\":\"text-meta\",\"nav\":\"\",\"nav_align\":\"center\",\"nav_breakpoint\":\"s\",\"nav_position\":\"bottom-center\",\"nav_position_margin\":\"medium\",\"overlay_animation\":\"parallax\",\"overlay_position\":\"center-left\",\"show_content\":true,\"show_link\":false,\"show_meta\":true,\"show_thumbnail\":false,\"show_title\":false,\"slidenav\":\"\",\"slidenav_breakpoint\":\"s\",\"slidenav_margin\":\"medium\",\"slidenav_outside_breakpoint\":\"xl\",\"slideshow_animation\":\"fade\",\"slideshow_autoplay_pause\":true,\"slideshow_min_height\":300,\"thumbnav_height\":\"75\",\"thumbnav_svg_color\":\"emphasis\",\"thumbnav_width\":\"100\",\"title_element\":\"h3\",\"title_hover_style\":\"reset\"},\"children\":[{\"type\":\"slideshow_item\",\"props\":{\"image\":\"wp-content\\\/uploads\\\/2025\\\/06\\\/Interactive-Slider-4.jpg\"}},{\"type\":\"slideshow_item\",\"props\":{\"image\":\"wp-content\\\/uploads\\\/2025\\\/06\\\/Interactive_5.jpg\",\"title\":\"Interactive_5\"}},{\"type\":\"slideshow_item\",\"props\":{\"image\":\"wp-content\\\/uploads\\\/2025\\\/06\\\/Interactive_4.jpg\",\"title\":\"Interactive_4\"}},{\"type\":\"slideshow_item\",\"props\":{\"image\":\"wp-content\\\/uploads\\\/2025\\\/06\\\/Interactive-Slider-2.jpg\",\"title\":\"Interactive-Slider-2\"}},{\"type\":\"slideshow_item\",\"props\":{\"image\":\"wp-content\\\/uploads\\\/2025\\\/06\\\/Interactive-Slider-3.jpg\",\"title\":\"Interactive-Slider-3\"}}]}]}]}],\"name\":\"Services\"}],\"version\":\"4.5.31\"} --><\/p>\n","protected":false},"excerpt":{"rendered":"<p>Tj\u00e4nster Produkter &amp;tj\u00e4nster F\u00f6retaget erbjuder transporter och distributionstj\u00e4nster som str\u00e4cker sig fr\u00e5n sm\u00e5 paket till tunga pallar.\u00a0 Bud &#038; express N\u00e4r tiden \u00e4r kritisk k\u00f6r vi direkt fr\u00e5n A till B utan omlastning. Spontana k\u00f6rningar, akuta utskick och tidskritiska leveranser. Distribution av styckegods Daglig insamling och utk\u00f6rning av kollin och pallar. Optimerade rutter, h\u00f6g leveransprecision [&hellip;]<\/p>\n","protected":false},"author":1,"featured_media":0,"parent":0,"menu_order":0,"comment_status":"closed","ping_status":"closed","template":"","meta":{"footnotes":""},"class_list":["post-8","page","type-page","status-publish","hentry"],"_links":{"self":[{"href":"https:\/\/stenbock.webgiantdemo.se\/index.php\/wp-json\/wp\/v2\/pages\/8","targetHints":{"allow":["GET"]}}],"collection":[{"href":"https:\/\/stenbock.webgiantdemo.se\/index.php\/wp-json\/wp\/v2\/pages"}],"about":[{"href":"https:\/\/stenbock.webgiantdemo.se\/index.php\/wp-json\/wp\/v2\/types\/page"}],"author":[{"embeddable":true,"href":"https:\/\/stenbock.webgiantdemo.se\/index.php\/wp-json\/wp\/v2\/users\/1"}],"replies":[{"embeddable":true,"href":"https:\/\/stenbock.webgiantdemo.se\/index.php\/wp-json\/wp\/v2\/comments?post=8"}],"version-history":[{"count":2,"href":"https:\/\/stenbock.webgiantdemo.se\/index.php\/wp-json\/wp\/v2\/pages\/8\/revisions"}],"predecessor-version":[{"id":277,"href":"https:\/\/stenbock.webgiantdemo.se\/index.php\/wp-json\/wp\/v2\/pages\/8\/revisions\/277"}],"wp:attachment":[{"href":"https:\/\/stenbock.webgiantdemo.se\/index.php\/wp-json\/wp\/v2\/media?parent=8"}],"curies":[{"name":"wp","href":"https:\/\/api.w.org\/{rel}","templated":true}]}}